{"id":2,"date":"2025-09-22T19:00:43","date_gmt":"2025-09-22T19:00:43","guid":{"rendered":"http:\/\/www.routaraja.com\/?page_id=2"},"modified":"2026-03-02T21:48:30","modified_gmt":"2026-03-02T19:48:30","slug":"etusivu-page","status":"publish","type":"page","link":"https:\/\/www.routaraja.com\/","title":{"rendered":"Etusivu"},"content":{"rendered":"\n<p>Loputon tie &#8211; sinkun julkaisup\u00e4iv\u00e4 19.2.2026! L\u00f6ytyy kaikilta digitaalisilta alustoilta.<\/p>\n\n\n\n<p><a href=\"https:\/\/open.spotify.com\/artist\/75AuKfZdrrWlq60rz4KIed\">Routaraja Spotify-sivulle<\/a><\/p>\n\n\n<div class=\"wp-block-image\">\n<figure class=\"aligncenter size-full is-resized\"><img loading=\"lazy\" decoding=\"async\" width=\"1400\" height=\"1400\" src=\"http:\/\/www.routaraja.com\/wp-content\/uploads\/2026\/03\/Loputon-tie-kansi.jpg\" alt=\"\" class=\"wp-image-87\" style=\"width:316px;height:auto\" srcset=\"https:\/\/www.routaraja.com\/wp-content\/uploads\/2026\/03\/Loputon-tie-kansi.jpg 1400w, https:\/\/www.routaraja.com\/wp-content\/uploads\/2026\/03\/Loputon-tie-kansi-300x300.jpg 300w, https:\/\/www.routaraja.com\/wp-content\/uploads\/2026\/03\/Loputon-tie-kansi-1024x1024.jpg 1024w, https:\/\/www.routaraja.com\/wp-content\/uploads\/2026\/03\/Loputon-tie-kansi-150x150.jpg 150w, https:\/\/www.routaraja.com\/wp-content\/uploads\/2026\/03\/Loputon-tie-kansi-768x768.jpg 768w\" sizes=\"auto, (max-width: 1400px) 100vw, 1400px\" \/><\/figure>\n<\/div>\n\n\n<br>\n","protected":false},"excerpt":{"rendered":"<p>Loputon tie &#8211; sinkun julkaisup\u00e4iv\u00e4 19.2.2026! L\u00f6ytyy kaikilta digitaalisilta alustoilta. Routaraja Spotify-sivulle<\/p>\n","protected":false},"author":1,"featured_media":0,"parent":0,"menu_order":0,"comment_status":"closed","ping_status":"closed","template":"","meta":{"footnotes":""},"class_list":["post-2","page","type-page","status-publish","hentry"],"_links":{"self":[{"href":"https:\/\/www.routaraja.com\/index.php?rest_route=\/wp\/v2\/pages\/2","targetHints":{"allow":["GET"]}}],"collection":[{"href":"https:\/\/www.routaraja.com\/index.php?rest_route=\/wp\/v2\/pages"}],"about":[{"href":"https:\/\/www.routaraja.com\/index.php?rest_route=\/wp\/v2\/types\/page"}],"author":[{"embeddable":true,"href":"https:\/\/www.routaraja.com\/index.php?rest_route=\/wp\/v2\/users\/1"}],"replies":[{"embeddable":true,"href":"https:\/\/www.routaraja.com\/index.php?rest_route=%2Fwp%2Fv2%2Fcomments&post=2"}],"version-history":[{"count":10,"href":"https:\/\/www.routaraja.com\/index.php?rest_route=\/wp\/v2\/pages\/2\/revisions"}],"predecessor-version":[{"id":89,"href":"https:\/\/www.routaraja.com\/index.php?rest_route=\/wp\/v2\/pages\/2\/revisions\/89"}],"wp:attachment":[{"href":"https:\/\/www.routaraja.com\/index.php?rest_route=%2Fwp%2Fv2%2Fmedia&parent=2"}],"curies":[{"name":"wp","href":"https:\/\/api.w.org\/{rel}","templated":true}]}}